{"id":2782,"date":"2017-02-08T14:14:24","date_gmt":"2017-02-08T13:14:24","guid":{"rendered":"http:\/\/augustinerkloster.werbeagentur-erfurt.net\/en\/impressum\/"},"modified":"2017-06-29T09:47:53","modified_gmt":"2017-06-29T07:47:53","slug":"legal-notice","status":"publish","type":"page","link":"https:\/\/www.augustinerkloster.de\/en\/legal-notice\/","title":{"rendered":"Impressum EN"},"content":{"rendered":"<h1>Legal Notice | St. Augustine Monastery<\/h1>\n<h2>Legal Notice<\/h2>\n<p><strong>This site is not available in English. We are sorry for the\u00a0inconvenience.<\/strong><\/p>\n<p><strong>Angaben gem\u00e4\u00df \u00a7 5 TMG:<\/strong><\/p>\n<p>Carsten Fromm<br \/>\nEvangelisches Augustinerkloster zu Erfurt<br \/>\nAugustinerstra\u00dfe 10<br \/>\n99084 Erfurt<\/p>\n<p><strong>Kontakt:<\/strong><\/p>\n<table>\n<tbody>\n<tr>\n<td>Telefon:<\/td>\n<td>0361 57660-0<\/td>\n<\/tr>\n<tr>\n<td>Telefax:<\/td>\n<td>0361 57660-99<\/td>\n<\/tr>\n<tr>\n<td>E-Mail:<\/td>\n<td>info@augustinerkloster.de<\/td>\n<\/tr>\n<\/tbody>\n<\/table>\n<p><strong>Verantwortlich f\u00fcr den Inhalt nach \u00a7 55 Abs. 2 RStV:<\/strong><\/p>\n<p>Carsten Fromm<br \/>\nKurator<br \/>\nAugustinerstra\u00dfe 10<br \/>\n99084 Erfurt<\/p>\n<p>Quelle: <em>eRecht24.de<\/em><\/p>\n<p><strong>Fotos:<\/strong><\/p>\n<p><a title=\"Zur Startseite\" href=\"http:\/\/augustinerkloster.de\/\">Startseite<\/a><\/p>\n<p>obere Bildb\u00fchne:\u00a0\u00a9 Matthias Frank\u00a0 Schmidt<span style=\"color: #ff0000;\"><br \/>\n<\/span>\u00dcbernachten im Kloster:\u00a0\u00a9 Carsten Fromm<br \/>\nTagen in historischer St\u00e4tte:\u00a0\u00a9 Oliver Wiegler<br \/>\nAuszeit im Kloster:\u00a0\u00a9 Oliver Wiegler<br \/>\n\u00dcbernachten im Ev. Augustinerkloster: \u00a9 Carsten Fromm<br \/>\nTagungsraum im Augustinerkloster:\u00a0\u00a9 Oliver Wiegler<br \/>\nKreuzgang im Augustinerkloster:\u00a0\u00a9 Oliver Wiegler<br \/>\nKr\u00e4utergarten im Augustinerkloster:\u00a0\u00a9 Oliver Wiegler<\/p>\n<p><a title=\"Zur Seite\" href=\"http:\/\/augustinerkloster.de\/pension-uebernachtung-erfurt\/\">\u00dcbernachten<\/a><\/p>\n<p>obere Bildb\u00fchne:\u00a0\u00a0\u00a9 Oliver Wiegler<br \/>\n\u00dcbernachten im Augustinerkloster, Erfurt:\u00a0\u00a9 Carsten Fromm<span style=\"color: #ff0000;\"><br \/>\n<\/span>\u00dcbernachten im Waidhaus, Erfurt: \u00a9 Matthias Frank Schmidt<br \/>\nDie Kr\u00e4merbr\u00fccke in Erfurt:\u00a0\u00a9 129436123\u00a0(pure-life-pictures) \u2013 fotolia.com<\/p>\n<p><a title=\"Zur Seite\" href=\"http:\/\/augustinerkloster.de\/tagen-tagungshaus-erfurt\/\" target=\"_blank\">Tagen<\/a><\/p>\n<p>obere Bildb\u00fchne:\u00a0\u00a0\u00a9 Oliver Wiegler<br \/>\nGr\u00fcner &#8220;Seminarraum&#8221; Biblischer Garten:\u00a0\u00a9 Oliver Wiegler<br \/>\nBlick \u00fcber Erfurt:\u00a0\u00a9 115245729 (Henry Czauderna) \u2013 fotolia.com<\/p>\n<p><a title=\"Zur Seite\" href=\"http:\/\/augustinerkloster.de\/hochzeit-feiern-erfurt\/\">Feiern<\/a><\/p>\n<p>obere Bildb\u00fchne:\u00a0\u00a9 Carsten Fromm<br \/>\nKlosterkeller des Augustinerklosters: \u00a9 Oliver Wiegler<br \/>\nAugustinerkirche:\u00a0\u00a9 Carsten Fromm<span style=\"color: #ff0000;\"><br \/>\n<\/span>Festsaal Luthersaal:\u00a0\u00a9 Oliver Wiegler<\/p>\n<p><a title=\"Zur Seite\" href=\"http:\/\/augustinerkloster.de\/tagungsraeume-erfurt\/\">Tagungsr\u00e4ume &amp; Fests\u00e4le<\/a><\/p>\n<p>obere Bildb\u00fchne:\u00a0\u00a0\u00a9 Oliver Wiegler<br \/>\nAugustinerkloster Erdgeschoss:\u00a0\u00a9 Carsten Fromm<br \/>\nAugustinerkloster Obergeschoss:\u00a0\u00a9 Carsten Fromm<span style=\"color: #ff0000;\"><br \/>\n<\/span>Haus der Vers\u00f6hnung:\u00a9 Oliver Wiegler<br \/>\nweitere R\u00e4umlichkeiten:\u00a0\u00a9 Oliver Wiegler<\/p>\n<p><a title=\"Zur Seite\" href=\"http:\/\/augustinerkloster.de\/raeume-augustinerkloster-erdgeschoss\/\">Tagungsr\u00e4ume Augustinerkloster Erdgeschoss<\/a><\/p>\n<p>obere Bildb\u00fchne:\u00a0\u00a0\u00a9 Oliver Wiegler<br \/>\nSeminarraum Genf:\u00a0\u00a9 Carsten Fromm<br \/>\nTagungsr\u00e4ume Wittenberg &amp; Rom:\u00a0\u00a9 Carsten Fromm<br \/>\nFestsaal &#8220;Luthersaal&#8221;:\u00a0\u00a9 Oliver Wiegler<br \/>\nVortrags- &amp; Andachtsraum \u201eKapitelsaal\u201c:\u00a0\u00a9 Oliver Wiegler<\/p>\n<p><a title=\"Zur Seite\" href=\"http:\/\/augustinerkloster.de\/tagungsraeume-augustinerkloster-obergeschoss\/\">Tagungsr\u00e4ume Augustinerkloster Obergeschoss<\/a><\/p>\n<p><span style=\"color: #ff0000;\"><span style=\"color: #000000;\">obere Bildb\u00fchne:\u00a0\u00a0\u00a9 Oliver Wiegler<br \/>\n<\/span><\/span><span style=\"color: #ff0000;\"><span style=\"color: #000000;\">Seminarraum Worms:\u00a0\u00a9 Carsten Fromm<br \/>\nTagungsraum Strassburg:\u00a0\u00a9 Oliver Wiegler<br \/>\nSeminarraum\u00a0Madeburg:\u00a0\u00a9 Oliver Wiegler<br \/>\nSeminarraum Eisenach: \u00a9 Carsten Fromm<br \/>\n<\/span><\/span><\/p>\n<p><a title=\"Zur Seite\" href=\"http:\/\/augustinerkloster.de\/tagungsraeume-erfurt-haus-der-versoehnung\/\">Tagungsr\u00e4ume Haus der Vers\u00f6hnung<\/a><\/p>\n<p>Tagungsraum Augustinus:\u00a0\u00a9 Oliver Wiegler<br \/>\nTagungsr\u00e4ume Staupitz &amp; Lang:\u00a0\u00a9 Oliver Wiegler<\/p>\n<p><a title=\"Zur Seite\" href=\"http:\/\/augustinerkloster.de\/veranstaltungen\/\">Veranstaltungs\u00fcbersicht<\/a><\/p>\n<p>obere Bildb\u00fchne:\u00a0\u00a9 Carsten Fromm<\/p>\n<p><a title=\"Zur Seite\" href=\"http:\/\/augustinerkloster.de\/gottesdienst-erfurt\/\">Gottesdienste &amp; Gebete<\/a><\/p>\n<p>obere Bildb\u00fchne:\u00a0\u00a9 Oliver Wiegler<\/p>\n<p><a title=\"Zur Seite\" href=\"http:\/\/augustinerkloster.de\/auszeit-einkehrtage-kloster\/\">Auszeit im Kloster<\/a><\/p>\n<p>obere Bildb\u00fchne:\u00a0\u00a9 Oliver Wiegler<\/p>\n<p><a title=\"Zur Seite\" href=\"http:\/\/augustinerkloster.de\/fuehrungen-austellungen\/\">F\u00fchrungen &amp; Ausstellungen<\/a><\/p>\n<p>obere Bildb\u00fchne:\u00a0\u00a9 Oliver Wiegler<br \/>\nF\u00fchrungen in der Klosterbibliothek:\u00a0\u00a9 Oliver Wiegler<br \/>\nDie Lutherzelle im Augustinerkloster, Erfurt:\u00a0\u00a9 Carsten Fromm<\/p>\n<p><a title=\"Zur Seite\" href=\"http:\/\/augustinerkloster.de\/kirchenmusik-vortraege-erfurt\/\">Kulturangebote<\/a><\/p>\n<p>obere Bildb\u00fchne: \u00a9 Carsten Fromm<\/p>\n<p><a title=\"Zur Seite\" href=\"http:\/\/augustinerkloster.de\/luther-2017-reformation\/\">Luther 2017<\/a><\/p>\n<p>obere Bildb\u00fchne:\u00a0\u00a9 Oliver Wiegler<br \/>\nLuther: \u00a9\u00a0Lucas Cranach oder Hans Sebald Beham, Holzschnitt, datiert 1520 Lucas Cranach<\/p>\n<p><a title=\"Zur Seite\" href=\"http:\/\/augustinerkloster.de\/schulprojekt-ideen-luther\/\">Schulprojekt<\/a><\/p>\n<p>obere Bildb\u00fchne:\u00a0\u00a9 Oliver Wiegler<\/p>\n<p><a title=\"Zur Seite\" href=\"http:\/\/augustinerkloster.de\/gaestefuehrer-luther-reformation\/\">Lutherfinder<\/a><\/p>\n<p>obere Bildb\u00fchne:\u00a0\u00a9 Oliver Wiegler<\/p>\n<p><a title=\"Zur Seite\" href=\"http:\/\/augustinerkloster.de\/kirche-kloster-erfurt\/\">Kirche &amp; Kloster<\/a><\/p>\n<p>obere Bildb\u00fchne:\u00a0\u00a9 Carsten Fromm<br \/>\nInnenansicht der Augustinerkirche:\u00a0\u00a9 Carsten Fromm<br \/>\nAugustinerkloster S\u00fcdseite:\u00a0\u00a9 Carsten Fromm<br \/>\nDauerausstellung im Augustinerkloster: \u00a9 Oliver Wiegler<br \/>\nHistorische Bibliothek Augustinerkloster:\u00a0\u00a9 Oliver Wiegler<br \/>\nHaus der Vers\u00f6hnung:\u00a0\u00a9 Oliver Wiegler<br \/>\nSecco in der Elisabethkapelle:\u00a0\u00a9 Carsten Fromm<br \/>\nOrt der Stille:\u00a0\u00a9 Carsten Fromm<\/p>\n<p><a title=\"Zur Seite\" href=\"http:\/\/augustinerkloster.de\/unterkunft-zimmer-erfurt-waidhaus\/\">Waidhaus<\/a><\/p>\n<p>obere Bildb\u00fchne:\u00a0\u00a9 Oliver Wiegler<br \/>\nAnsicht der Klosteranlage, Zustand nach 1669 (Waidh\u00e4user links):\u00a0\u00a9 Carsten Fromm<\/p>\n<p><a title=\"Zur Seite\" href=\"http:\/\/augustinerkloster.de\/hotel-erfurt-gaestehaus-nikolai\/\">G\u00e4stehaus Nikolai<\/a><\/p>\n<p>obere Bildb\u00fchne:\u00a0\u00a9\u00a0Matthias Frank Schmidt<br \/>\nG\u00e4stezimmer im G\u00e4stehaus Nikolai:\u00a0\u00a9\u00a0Matthias Frank Schmidt<\/p>\n<p><a title=\"Zur Seite\" href=\"http:\/\/augustinerkloster.de\/luther-georgenburse-erfurt\/\">Georgenburse<\/a><\/p>\n<p>obere Bildb\u00fchne: \u00a9\u00a0Lutz Edelhoff<br \/>\nAustellung in der Georgenburse:\u00a0\u00a9 Oliver Wiegler<\/p>\n<p><a title=\"Zur Seite\" href=\"http:\/\/augustinerkloster.de\/team\/\">Team<\/a><\/p>\n<p>obere Bildb\u00fchne:\u00a0\u00a9\u00a0Carsten Fromm<\/p>\n<p><a title=\"Zur Seite\" href=\"http:\/\/augustinerkloster.de\/lutherstaetten-erfurt-thueringen\/\">Lutherst\u00e4tten<\/a><\/p>\n<p>obere Bildb\u00fchne: \u00a9 41920071 (J\u00f6rg Hackemann) \u2013 fotolia.com<br \/>\nLutherweg: \u00a9 122184596 (Henry Czauderna) \u2013 fotolia.com<br \/>\nCollegium Maius:\u00a0\u00a9 131187950 (thauwald-pictures) \u2013 fotolia.com<br \/>\nMichaeliskirche:\u00a0\u00a9 47282477 (andreasjungfoto) \u2013 fotolia.com<br \/>\nDom St. Marien und Pfarrkirche St. Severi:\u00a9 41920071 (J\u00f6rg Hackemann) \u2013 fotolia.com<br \/>\nLutherdenkmal vor der Kaufmannskirche: \u00a9 114304682 (nmann77) \u2013 fotolia.com<br \/>\nAu\u00dfenmauer und Turm der Barf\u00fc\u00dferkirche:\u00a0\u00a9 95276464 (Andrea Sachs) \u2013 fotolia.com<\/p>\n<p><a title=\"Zur Seite\" href=\"http:\/\/augustinerkloster.de\/kontakt-anfahrt\/\">Kontakt &amp; Anfahrt<\/a><\/p>\n<p>obere Bildb\u00fchne:\u00a0\u00a9\u00a0Carsten Fromm<\/p>\n<p><a title=\"Zur Seite\" href=\"http:\/\/augustinerkloster.de\/freundeskreis\/\">Freundeskreis<\/a><\/p>\n<p>obere Bildb\u00fchne:\u00a0\u00a9\u00a0Carsten Fromm<\/p>\n<p><a title=\"Zur Seite\" href=\"http:\/\/augustinerkloster.de\/stiftung\/\">Stiftung<\/a><\/p>\n<p>obere Bildb\u00fchne:\u00a0\u00a9\u00a0Carsten Fromm<\/p>\n<p><span style=\"text-decoration: underline;\">Footerbereich<\/span><\/p>\n<p>Evangelisches Zentrum Kloster Dr\u00fcbeck:\u00a0\u00a9 Ulrich Schrader<span style=\"color: #ff0000;\"><br \/>\n<\/span>Familienbildungs- und Erholungsst\u00e4tte Burg Bodenstein:<span style=\"color: #ff0000;\">\u00a0<span style=\"color: #000000;\">\u00a9 Oliver Wiegler<br \/>\n<\/span><\/span>Evangelisches Zentrum Zinzendorfhaus Neudietendorf: \u00a9 Reuter<br \/>\nJugendbildungsst\u00e4tte Junker J\u00f6rg:\u00a0\u00a9 Oliver Wiegler<\/p>\n<p>Die Website wurde in Zusammenarbeit mit der\u00a0<a title=\"Werbeagentur f\u00fcr Th\u00fcringen\" href=\"http:\/\/www.werbeagentur-erfurt.net\" target=\"_blank\">Werbeagentur-Erfurt.net<\/a> erstellt und realisiert.<\/p>\n","protected":false},"excerpt":{"rendered":"<p>This site is not available in English. We are sorry for the\u00a0inconvenience. Angaben gem\u00e4\u00df \u00a7 5 TMG: Carsten Fromm Evangelisches Augustinerkloster zu Erfurt Augustinerstra\u00dfe 10 99084 Erfurt Kontakt: Telefon: 0361 57660-0 Telefax: 0361 57660-99 E-Mail: info@augustinerkloster.de Verantwortlich f\u00fcr den Inhalt nach \u00a7 55 Abs. 2 RStV: Carsten Fromm Kurator Augustinerstra\u00dfe 10 99084 Erfurt Quelle: eRecht24.de [&#8230;]<\/p>\n","protected":false},"author":13,"featured_media":0,"parent":0,"menu_order":0,"comment_status":"closed","ping_status":"closed","template":"","meta":{"_acf_changed":false,"footnotes":""},"class_list":["post-2782","page","type-page","status-publish","hentry"],"acf":[],"yoast_head":"<!-- This site is optimized with the Yoast SEO plugin v27.4 - https:\/\/yoast.com\/product\/yoast-seo-wordpress\/ -->\n<title>Legal Notice | St. Augustine Monastery<\/title>\n<meta name=\"description\" content=\"Here you can find information about the legal notice of the website of the Protestant St. Augustine&#039;s Monastery in Erfurt.\" \/>\n<meta name=\"robots\" content=\"index, follow, max-snippet:-1, max-image-preview:large, max-video-preview:-1\" \/>\n<link rel=\"canonical\" href=\"https:\/\/www.augustinerkloster.de\/en\/legal-notice\/\" \/>\n<meta property=\"og:locale\" content=\"en_US\" \/>\n<meta property=\"og:type\" content=\"article\" \/>\n<meta property=\"og:title\" content=\"Legal Notice | St. Augustine Monastery\" \/>\n<meta property=\"og:description\" content=\"Here you can find information about the legal notice of the website of the Protestant St. Augustine&#039;s Monastery in Erfurt.\" \/>\n<meta property=\"og:url\" content=\"https:\/\/www.augustinerkloster.de\/en\/legal-notice\/\" \/>\n<meta property=\"og:site_name\" content=\"Augustinerkloster\" \/>\n<meta property=\"article:modified_time\" content=\"2017-06-29T07:47:53+00:00\" \/>\n<meta name=\"twitter:card\" content=\"summary_large_image\" \/>\n<meta name=\"twitter:label1\" content=\"Est. reading time\" \/>\n\t<meta name=\"twitter:data1\" content=\"3 minutes\" \/>\n<script type=\"application\/ld+json\" class=\"yoast-schema-graph\">{\"@context\":\"https:\\\/\\\/schema.org\",\"@graph\":[{\"@type\":\"WebPage\",\"@id\":\"https:\\\/\\\/www.augustinerkloster.de\\\/en\\\/legal-notice\\\/\",\"url\":\"https:\\\/\\\/www.augustinerkloster.de\\\/en\\\/legal-notice\\\/\",\"name\":\"Legal Notice | St. Augustine Monastery\",\"isPartOf\":{\"@id\":\"https:\\\/\\\/www.augustinerkloster.de\\\/en\\\/#website\"},\"datePublished\":\"2017-02-08T13:14:24+00:00\",\"dateModified\":\"2017-06-29T07:47:53+00:00\",\"description\":\"Here you can find information about the legal notice of the website of the Protestant St. Augustine's Monastery in Erfurt.\",\"breadcrumb\":{\"@id\":\"https:\\\/\\\/www.augustinerkloster.de\\\/en\\\/legal-notice\\\/#breadcrumb\"},\"inLanguage\":\"en-US\",\"potentialAction\":[{\"@type\":\"ReadAction\",\"target\":[\"https:\\\/\\\/www.augustinerkloster.de\\\/en\\\/legal-notice\\\/\"]}]},{\"@type\":\"BreadcrumbList\",\"@id\":\"https:\\\/\\\/www.augustinerkloster.de\\\/en\\\/legal-notice\\\/#breadcrumb\",\"itemListElement\":[{\"@type\":\"ListItem\",\"position\":1,\"name\":\"Startseite\",\"item\":\"https:\\\/\\\/www.augustinerkloster.de\\\/en\\\/\"},{\"@type\":\"ListItem\",\"position\":2,\"name\":\"Impressum EN\"}]},{\"@type\":\"WebSite\",\"@id\":\"https:\\\/\\\/www.augustinerkloster.de\\\/en\\\/#website\",\"url\":\"https:\\\/\\\/www.augustinerkloster.de\\\/en\\\/\",\"name\":\"Augustinerkloster\",\"description\":\"Ev. Augustinerkloster zu Erfurt\",\"potentialAction\":[{\"@type\":\"SearchAction\",\"target\":{\"@type\":\"EntryPoint\",\"urlTemplate\":\"https:\\\/\\\/www.augustinerkloster.de\\\/en\\\/?s={search_term_string}\"},\"query-input\":{\"@type\":\"PropertyValueSpecification\",\"valueRequired\":true,\"valueName\":\"search_term_string\"}}],\"inLanguage\":\"en-US\"}]}<\/script>\n<!-- \/ Yoast SEO plugin. -->","yoast_head_json":{"title":"Legal Notice | St. Augustine Monastery","description":"Here you can find information about the legal notice of the website of the Protestant St. Augustine's Monastery in Erfurt.","robots":{"index":"index","follow":"follow","max-snippet":"max-snippet:-1","max-image-preview":"max-image-preview:large","max-video-preview":"max-video-preview:-1"},"canonical":"https:\/\/www.augustinerkloster.de\/en\/legal-notice\/","og_locale":"en_US","og_type":"article","og_title":"Legal Notice | St. Augustine Monastery","og_description":"Here you can find information about the legal notice of the website of the Protestant St. Augustine's Monastery in Erfurt.","og_url":"https:\/\/www.augustinerkloster.de\/en\/legal-notice\/","og_site_name":"Augustinerkloster","article_modified_time":"2017-06-29T07:47:53+00:00","twitter_card":"summary_large_image","twitter_misc":{"Est. reading time":"3 minutes"},"schema":{"@context":"https:\/\/schema.org","@graph":[{"@type":"WebPage","@id":"https:\/\/www.augustinerkloster.de\/en\/legal-notice\/","url":"https:\/\/www.augustinerkloster.de\/en\/legal-notice\/","name":"Legal Notice | St. Augustine Monastery","isPartOf":{"@id":"https:\/\/www.augustinerkloster.de\/en\/#website"},"datePublished":"2017-02-08T13:14:24+00:00","dateModified":"2017-06-29T07:47:53+00:00","description":"Here you can find information about the legal notice of the website of the Protestant St. Augustine's Monastery in Erfurt.","breadcrumb":{"@id":"https:\/\/www.augustinerkloster.de\/en\/legal-notice\/#breadcrumb"},"inLanguage":"en-US","potentialAction":[{"@type":"ReadAction","target":["https:\/\/www.augustinerkloster.de\/en\/legal-notice\/"]}]},{"@type":"BreadcrumbList","@id":"https:\/\/www.augustinerkloster.de\/en\/legal-notice\/#breadcrumb","itemListElement":[{"@type":"ListItem","position":1,"name":"Startseite","item":"https:\/\/www.augustinerkloster.de\/en\/"},{"@type":"ListItem","position":2,"name":"Impressum EN"}]},{"@type":"WebSite","@id":"https:\/\/www.augustinerkloster.de\/en\/#website","url":"https:\/\/www.augustinerkloster.de\/en\/","name":"Augustinerkloster","description":"Ev. Augustinerkloster zu Erfurt","potentialAction":[{"@type":"SearchAction","target":{"@type":"EntryPoint","urlTemplate":"https:\/\/www.augustinerkloster.de\/en\/?s={search_term_string}"},"query-input":{"@type":"PropertyValueSpecification","valueRequired":true,"valueName":"search_term_string"}}],"inLanguage":"en-US"}]}},"_links":{"self":[{"href":"https:\/\/www.augustinerkloster.de\/en\/wp-json\/wp\/v2\/pages\/2782","targetHints":{"allow":["GET"]}}],"collection":[{"href":"https:\/\/www.augustinerkloster.de\/en\/wp-json\/wp\/v2\/pages"}],"about":[{"href":"https:\/\/www.augustinerkloster.de\/en\/wp-json\/wp\/v2\/types\/page"}],"author":[{"embeddable":true,"href":"https:\/\/www.augustinerkloster.de\/en\/wp-json\/wp\/v2\/users\/13"}],"replies":[{"embeddable":true,"href":"https:\/\/www.augustinerkloster.de\/en\/wp-json\/wp\/v2\/comments?post=2782"}],"version-history":[{"count":2,"href":"https:\/\/www.augustinerkloster.de\/en\/wp-json\/wp\/v2\/pages\/2782\/revisions"}],"predecessor-version":[{"id":2784,"href":"https:\/\/www.augustinerkloster.de\/en\/wp-json\/wp\/v2\/pages\/2782\/revisions\/2784"}],"wp:attachment":[{"href":"https:\/\/www.augustinerkloster.de\/en\/wp-json\/wp\/v2\/media?parent=2782"}],"curies":[{"name":"wp","href":"https:\/\/api.w.org\/{rel}","templated":true}]}}